{"id":17,"date":"2019-03-03T13:22:36","date_gmt":"2019-03-03T13:22:36","guid":{"rendered":"http:\/\/fog.fussball-ohne-gewalt.de\/?page_id=17"},"modified":"2019-03-03T19:28:01","modified_gmt":"2019-03-03T19:28:01","slug":"satzung","status":"publish","type":"page","link":"http:\/\/fog.fussball-ohne-gewalt.de\/?page_id=17","title":{"rendered":"Satzung &#038; Dokumente"},"content":{"rendered":"\n<p>Sie m\u00f6chten uns unterst\u00fctzen, hier finden Sie die aktuelle Satzung und einen Flyer samt Mitgliedsantrag. <\/p>\n\n\n\n<p>Gleichzeitig Dokumente \u00fcber unse Vereinsleben.<\/p>\n\n\n\n<ul class=\"wp-block-list\"><li><a rel=\"noreferrer noopener\" aria-label=\"Satzung  (\u00f6ffnet in neuem Tab)\" href=\"http:\/\/fog.fussball-ohne-gewalt.de\/wp-content\/uploads\/2019\/03\/2Satzung.pdf\" target=\"_blank\">Satzung <\/a><\/li><li><a rel=\"noreferrer noopener\" aria-label=\"Flyer, incl. Mitgliedsantrag (\u00f6ffnet in neuem Tab)\" href=\"http:\/\/fog.fussball-ohne-gewalt.de\/wp-content\/uploads\/2019\/03\/5Flyer.pdf\" target=\"_blank\">Flyer, incl. Mitgliedsantrag<\/a><\/li><li><a rel=\"noreferrer noopener\" aria-label=\"Pr\u00e4sentation &quot;Doppelpasse&quot; (\u00f6ffnet in neuem Tab)\" href=\"http:\/\/fog.fussball-ohne-gewalt.de\/wp-content\/uploads\/2019\/03\/4Doppelexp.pdf\" target=\"_blank\">Pr\u00e4sentation &#8222;Doppelpasse&#8220;<\/a><\/li><li><a href=\"http:\/\/fog.fussball-ohne-gewalt.de\/wp-content\/uploads\/2019\/03\/1projektmut.pdf\" target=\"_blank\" rel=\"noreferrer noopener\" aria-label=\"Projekt MuT (\u00f6ffnet in neuem Tab)\">Projekt MuT<\/a><\/li><li><a rel=\"noreferrer noopener\" aria-label=\"Rote Karte f\u00fcr Rassismus (\u00f6ffnet in neuem Tab)\" href=\"http:\/\/fog.fussball-ohne-gewalt.de\/wp-content\/uploads\/2019\/03\/6RoteKarte.pdf\" target=\"_blank\">Rote Karte f\u00fcr Rassismus<\/a><\/li><\/ul>\n\n\n\n<p><\/p>\n","protected":false},"excerpt":{"rendered":"<p>Sie m\u00f6chten uns unterst\u00fctzen, hier finden Sie die aktuelle Satzung und einen Flyer samt Mitgliedsantrag. Gleichzeitig Dokumente \u00fcber unse Vereinsleben. Satzung Flyer, incl. Mitgliedsantrag Pr\u00e4sentation &#8222;Doppelpasse&#8220; Projekt MuT Rote Karte f\u00fcr Rassismus<\/p>\n","protected":false},"author":1,"featured_media":0,"parent":0,"menu_order":0,"comment_status":"closed","ping_status":"closed","template":"","meta":{"footnotes":""},"class_list":["post-17","page","type-page","status-publish","hentry"],"_links":{"self":[{"href":"http:\/\/fog.fussball-ohne-gewalt.de\/index.php?rest_route=\/wp\/v2\/pages\/17","targetHints":{"allow":["GET"]}}],"collection":[{"href":"http:\/\/fog.fussball-ohne-gewalt.de\/index.php?rest_route=\/wp\/v2\/pages"}],"about":[{"href":"http:\/\/fog.fussball-ohne-gewalt.de\/index.php?rest_route=\/wp\/v2\/types\/page"}],"author":[{"embeddable":true,"href":"http:\/\/fog.fussball-ohne-gewalt.de\/index.php?rest_route=\/wp\/v2\/users\/1"}],"replies":[{"embeddable":true,"href":"http:\/\/fog.fussball-ohne-gewalt.de\/index.php?rest_route=%2Fwp%2Fv2%2Fcomments&post=17"}],"version-history":[{"count":10,"href":"http:\/\/fog.fussball-ohne-gewalt.de\/index.php?rest_route=\/wp\/v2\/pages\/17\/revisions"}],"predecessor-version":[{"id":61,"href":"http:\/\/fog.fussball-ohne-gewalt.de\/index.php?rest_route=\/wp\/v2\/pages\/17\/revisions\/61"}],"wp:attachment":[{"href":"http:\/\/fog.fussball-ohne-gewalt.de\/index.php?rest_route=%2Fwp%2Fv2%2Fmedia&parent=17"}],"curies":[{"name":"wp","href":"https:\/\/api.w.org\/{rel}","templated":true}]}}